{"id":1210,"date":"2014-07-11T11:15:52","date_gmt":"2014-07-11T11:15:52","guid":{"rendered":"https:\/\/www.abadiasanisidro.es\/origenes\/"},"modified":"2018-07-14T15:11:08","modified_gmt":"2018-07-14T15:11:08","slug":"origenes","status":"publish","type":"page","link":"https:\/\/www.abadiasanisidro.es\/en\/origenes\/","title":{"rendered":"Origins"},"content":{"rendered":"<div id='av_section_1'  class='avia-section main_color avia-section-default avia-no-shadow  avia-full-stretch av-parallax-section avia-bg-style-parallax  avia-builder-el-0  el_before_av_section  avia-builder-el-first   container_wrap sidebar_right' style=' '  data-section-bg-repeat='stretch'><div class='av-parallax' data-avia-parallax-ratio='0.3' ><div class='av-parallax-inner main_color  avia-full-stretch' style = 'background-repeat: no-repeat; background-image: url(https:\/\/www.abadiasanisidro.es\/wp-content\/uploads\/2014\/07\/7.jpg);background-attachment: scroll; background-position: center left; ' ><\/div><\/div><div class='container' ><main  role=\"main\" itemprop=\"mainContentOfPage\"  class='template-page content  av-content-small alpha units'><div class='post-entry post-entry-type-page post-entry-1210'><div class='entry-content-wrapper clearfix'>\n<div  style='padding-bottom:0px; color:#ffffff;font-size:60px;' class='av-special-heading av-special-heading-h1 custom-color-heading blockquote modern-quote  avia-builder-el-1  avia-builder-el-no-sibling  av-thin-font av-inherit-size '><h1 class='av-special-heading-tag '  itemprop=\"headline\"  >About our <strong>ORIGINS<\/strong><\/h1><div class ='av-subheading av-subheading_below av_custom_color ' style='font-size:18px;'><p>This is how the Abbey of Saint Isidro de Due\u00f1as was born.<\/p>\n<\/div><div class='special-heading-border'><div class='special-heading-inner-border' style='border-color:#ffffff'><\/div><\/div><\/div>\n<\/div><\/div><\/main><!-- close content main element --><\/div><\/div><div id='av_section_2'  class='avia-section main_color avia-section-default avia-no-shadow  avia-bg-style-scroll  avia-builder-el-2  el_after_av_section  avia-builder-el-last   container_wrap sidebar_right' style=' '  ><div class='container' ><div class='template-page content  av-content-small alpha units'><div class='post-entry post-entry-type-page post-entry-1210'><div class='entry-content-wrapper clearfix'>\n<div  style='padding-bottom:20px; font-size:40px;' class='av-special-heading av-special-heading-h1  blockquote modern-quote modern-centered  avia-builder-el-3  el_before_av_one_fifth  avia-builder-el-first  av-inherit-size '><h1 class='av-special-heading-tag '  itemprop=\"headline\"  >Origins<\/h1><div class='special-heading-border'><div class='special-heading-inner-border' ><\/div><\/div><\/div>\n<div class=\"flex_column av_one_fifth  flex_column_div av-zero-column-padding first  avia-builder-el-4  el_after_av_heading  el_before_av_three_fifth  \" style='border-radius:0px; '><\/div><div class=\"flex_column av_three_fifth  flex_column_div av-zero-column-padding   avia-builder-el-5  el_after_av_one_fifth  el_before_av_one_fifth  \" style='border-radius:0px; '><section class=\"av_textblock_section \"  itemscope=\"itemscope\" itemtype=\"https:\/\/schema.org\/CreativeWork\" ><div class='avia_textblock  '  style='font-size:18px; '  itemprop=\"text\" ><p>In the confluence between the rivers Pisuerga &#8211; formerly known as Pisorica \u2013 and Carri\u00f3n, the Monastery of Saint Isidro de Due\u00f1as is located in the municipality of Due\u00f1as \u2013 Palencia \u2013 and it is easily visible as the train commuting between Valladolid and Burgos passes by.<\/p>\n<div id=\"attachment_478\" style=\"width: 310px\" class=\"wp-caption aligncenter\"><img aria-describedby=\"caption-attachment-478\" decoding=\"async\" loading=\"lazy\" class=\"wp-image-478 size-medium\" src=\"http:\/\/www.abadiasanisidro.es\/wp-content\/uploads\/2014\/07\/origenes12Grande-300x108.jpg\" alt=\"Monasterio San Isidro de Due\u00f1as\" width=\"300\" height=\"108\" srcset=\"https:\/\/www.abadiasanisidro.es\/wp-content\/uploads\/2014\/07\/origenes12Grande-300x108.jpg 300w, https:\/\/www.abadiasanisidro.es\/wp-content\/uploads\/2014\/07\/origenes12Grande-450x162.jpg 450w, https:\/\/www.abadiasanisidro.es\/wp-content\/uploads\/2014\/07\/origenes12Grande.jpg 600w\" sizes=\"(max-width: 300px) 100vw, 300px\" \/><p id=\"caption-attachment-478\" class=\"wp-caption-text\">Monastery of Saint Isidro de Due\u00f1as<\/p><\/div>\n<p>Monastery of Saint Isidro de Due\u00f1as<\/p>\n<p>The Roman facade of its church, with an extremely ancient defence tower filled with stopgap repairs that reveal different periods contrasts with the Herreran style of the rest of the building which dates from the reconstruction of the 17th century.<\/p>\n<div id=\"attachment_479\" style=\"width: 227px\" class=\"wp-caption alignleft\"><img aria-describedby=\"caption-attachment-479\" decoding=\"async\" loading=\"lazy\" class=\"size-full wp-image-479\" src=\"http:\/\/www.abadiasanisidro.es\/wp-content\/uploads\/2014\/07\/origenes11Grande.jpg\" alt=\"Torre defensiva - Iglesia\" width=\"217\" height=\"290\" \/><p id=\"caption-attachment-479\" class=\"wp-caption-text\">Defence tower &#8211; Church<\/p><\/div>\n<p>The former document that mentions the existence of a Monastery is a privilege of Garcia the 1st, the King of Le\u00f3n, bestowed the 15th of February 911.<\/p>\n<p>But the distant origin credibly lies in the late Roman Age in relation with Villa Pos\u00eddica, a Roman Villa whose ruins are around two hundred metres far from the monastery where some precious mosaic have been found and which seem that they belonged to the family of \u00a0the Emperor Teodosio. It is very likely that the river Pisuerga has taken its name from this Villa.<\/p>\n<p>The most daring theory situates the house and the community of the religious women which the pilgrim Egeria or Euquer\u00eda heads to in her famous Itinerarium from the 4th to the 5th century.<\/p>\n<p>In any case, it was in its surroundings \u2013 called castrum domnas in the past \u2013 where the community of nuns that led to the toponym of the Monastery \u2013 Saint Isidro de (las) Due\u00f1as \u2013 subsequently the village of Due\u00f1as took its name, settled down.<\/p>\n<div id=\"attachment_477\" style=\"width: 310px\" class=\"wp-caption alignright\"><img aria-describedby=\"caption-attachment-477\" decoding=\"async\" loading=\"lazy\" class=\"size-medium wp-image-477\" src=\"http:\/\/www.abadiasanisidro.es\/wp-content\/uploads\/2014\/07\/ExteriorGrande-300x225.jpg\" alt=\"Iglesia visig\u00f3tica de San Juan de Ba\u00f1os - Palencia\" width=\"300\" height=\"225\" srcset=\"https:\/\/www.abadiasanisidro.es\/wp-content\/uploads\/2014\/07\/ExteriorGrande-300x225.jpg 300w, https:\/\/www.abadiasanisidro.es\/wp-content\/uploads\/2014\/07\/ExteriorGrande.jpg 387w\" sizes=\"(max-width: 300px) 100vw, 300px\" \/><p id=\"caption-attachment-477\" class=\"wp-caption-text\">Visigothic Church Saint Juan de Ba\u00f1os &#8211; Palencia<\/p><\/div>\n<p>It is almost certain that we will have to thank the domnas for the arrival of the relics of the monastery patron saint, St. Isidoro \u2013 martyr from Alexandria \u2013 also known as \u201cde Qu\u00edos\u201d taken from the Greek Island where he endured martyrdom and died in 251 during the persecution of the Emperor Decio. There are others, slightly baseless, who state the arrival of the relics in the Clunic era of the Monastery.<\/p>\n<p>During the Visigothic Period, there should be a dual monastery in the surroundings \u2013 the nuns in St. Isidoro and the friars, maybe in St. Juan de Ba\u00f1os, around three or four kilometres far, under the ownership of St. Martin of Tours.<\/p>\n<p>Once the nuns disappeared due to the Moslem invasion, Alfonso III the Wise (866-910) restored the Monastery in order to grant it to the monks that came from C\u00f3rdoba, escaping from the Islamic domination. His son, the King Sir Garc\u00eda (+914), a great benefactor of the Monastery as his father did, was the one that returned the distinguished relics to the site of Saint Isidoro the Martyr.<\/p>\n<div id=\"attachment_476\" style=\"width: 310px\" class=\"wp-caption alignleft\"><img aria-describedby=\"caption-attachment-476\" decoding=\"async\" loading=\"lazy\" class=\"size-medium wp-image-476\" src=\"http:\/\/www.abadiasanisidro.es\/wp-content\/uploads\/2014\/07\/InteriorGrande-300x213.jpg\" alt=\"Interior de San Juan de Ba\u00f1os\" width=\"300\" height=\"213\" srcset=\"https:\/\/www.abadiasanisidro.es\/wp-content\/uploads\/2014\/07\/InteriorGrande-300x213.jpg 300w, https:\/\/www.abadiasanisidro.es\/wp-content\/uploads\/2014\/07\/InteriorGrande-260x185.jpg 260w, https:\/\/www.abadiasanisidro.es\/wp-content\/uploads\/2014\/07\/InteriorGrande.jpg 408w\" sizes=\"(max-width: 300px) 100vw, 300px\" \/><p id=\"caption-attachment-476\" class=\"wp-caption-text\">Indoors of San Juan de Ba\u00f1os.<br \/>Its columns come from Villa Pos\u00eddica.<\/p><\/div>\n<p>It is worth to consider the possibility that the dual monastery resumed in the area after the restoration since an old reference, not studied thoroughly yet, places the nuns\u00b4 disappearance in 950, date when a Moslem incursion would have finished off the life of the community and its last abbess, Esmaragda. Then, the monks would occupy her position, incorporating the nuns\u00b4 ownership to their own one in St. Mart\u00edn.<\/p>\n<p>In fact, throughout a century and a half, from 938 to 1097, donations coming from the Kings of Castile and Le\u00f3n are addressed to the Monastery under the double patronage of St. Isidoro and St. Mart\u00edn. But from the end of the 11th century, St. Isidoro takes precedence over St. Mart\u00edn who was relegated to a church closed to the Monastery but currently unknown.<\/p>\n<\/div><\/section><\/div><div class=\"flex_column av_one_fifth  flex_column_div av-zero-column-padding   avia-builder-el-7  el_after_av_three_fifth  avia-builder-el-last  \" style='border-radius:0px; '><\/div>\n<\/div><\/div><\/div><!-- close content main div --><\/div><\/div><div id='after_section_2'  class='main_color av_default_container_wrap container_wrap sidebar_right' style=' '  ><div class='container' ><div class='template-page content  av-content-small alpha units'><div class='post-entry post-entry-type-page post-entry-1210'><div class='entry-content-wrapper clearfix'><\/p>\n","protected":false},"excerpt":{"rendered":"","protected":false},"author":1,"featured_media":0,"parent":0,"menu_order":0,"comment_status":"open","ping_status":"open","template":"","meta":[],"_links":{"self":[{"href":"https:\/\/www.abadiasanisidro.es\/en\/wp-json\/wp\/v2\/pages\/1210"}],"collection":[{"href":"https:\/\/www.abadiasanisidro.es\/en\/wp-json\/wp\/v2\/pages"}],"about":[{"href":"https:\/\/www.abadiasanisidro.es\/en\/wp-json\/wp\/v2\/types\/page"}],"author":[{"embeddable":true,"href":"https:\/\/www.abadiasanisidro.es\/en\/wp-json\/wp\/v2\/users\/1"}],"replies":[{"embeddable":true,"href":"https:\/\/www.abadiasanisidro.es\/en\/wp-json\/wp\/v2\/comments?post=1210"}],"version-history":[{"count":0,"href":"https:\/\/www.abadiasanisidro.es\/en\/wp-json\/wp\/v2\/pages\/1210\/revisions"}],"wp:attachment":[{"href":"https:\/\/www.abadiasanisidro.es\/en\/wp-json\/wp\/v2\/media?parent=1210"}],"curies":[{"name":"wp","href":"https:\/\/api.w.org\/{rel}","templated":true}]}}