{"id":1244,"date":"2018-07-14T17:00:31","date_gmt":"2018-07-14T17:00:31","guid":{"rendered":"https:\/\/www.abadiasanisidro.es\/liturgical-celebrations-timetable\/"},"modified":"2018-09-28T08:54:27","modified_gmt":"2018-09-28T08:54:27","slug":"liturgical-celebrations-timetable","status":"publish","type":"page","link":"https:\/\/www.abadiasanisidro.es\/en\/liturgical-celebrations-timetable\/","title":{"rendered":"Horario de celebraciones lit\u00fargicas"},"content":{"rendered":"<div id='av_section_1'  class='avia-section main_color avia-section-default avia-no-shadow  avia-bg-style-parallax  avia-builder-el-0  el_before_av_section  avia-builder-el-first   container_wrap sidebar_right' style=' '  ><div class='container' ><main  role=\"main\" itemprop=\"mainContentOfPage\"  class='template-page content  av-content-small alpha units'><div class='post-entry post-entry-type-page post-entry-1244'><div class='entry-content-wrapper clearfix'>\n<div  style='padding-bottom:0px; color:#ffffff;font-size:60px;' class='av-special-heading av-special-heading-h1 custom-color-heading blockquote modern-quote  avia-builder-el-1  avia-builder-el-no-sibling  av-thin-font av-inherit-size '><h1 class='av-special-heading-tag '  itemprop=\"headline\"  >Horario de <strong>celebraciones<\/strong> lit\u00fargicas<\/h1><div class='special-heading-border'><div class='special-heading-inner-border' style='border-color:#ffffff'><\/div><\/div><\/div>\n\n<\/div><\/div><\/main><!-- close content main element --><\/div><\/div><div id='av_section_2'  class='avia-section main_color avia-section-default avia-no-shadow  avia-bg-style-scroll  avia-builder-el-2  el_after_av_section  avia-builder-el-last   container_wrap sidebar_right' style=' '  ><div class='container' ><div class='template-page content  av-content-small alpha units'><div class='post-entry post-entry-type-page post-entry-1244'><div class='entry-content-wrapper clearfix'>\n<div  style='padding-bottom:20px; font-size:40px;' class='av-special-heading av-special-heading-h1  blockquote modern-quote modern-centered  avia-builder-el-3  el_before_av_one_fifth  avia-builder-el-first  av-inherit-size '><h1 class='av-special-heading-tag '  itemprop=\"headline\"  >Liturgical celebrations timetable<\/h1><div class='special-heading-border'><div class='special-heading-inner-border' ><\/div><\/div><\/div>\n<div class=\"flex_column av_one_fifth  flex_column_div av-zero-column-padding first  avia-builder-el-4  el_after_av_heading  el_before_av_three_fifth  \" style='border-radius:0px; '><\/div><div class=\"flex_column av_three_fifth  flex_column_div av-zero-column-padding   avia-builder-el-5  el_after_av_one_fifth  el_before_av_one_fifth  \" style='border-radius:0px; '><section class=\"av_textblock_section \"  itemscope=\"itemscope\" itemtype=\"https:\/\/schema.org\/CreativeWork\" ><div class='avia_textblock  '  style='font-size:18px; '  itemprop=\"text\" ><ul>\n<li><a href=\"#verano\">Horario para todo el a\u00f1o<\/a><\/li>\n<li><a href=\"#especial\">Celebraciones lit\u00fargicas especiales<\/a><\/li>\n<li><a href=\"#ssanta\">Celebraciones lit\u00fargicas en semana santa<\/a><\/li>\n<\/ul>\n<p><a name=\"verano\"><\/a><br \/>\n<h2 id=\"tablepress-5-name\" class=\"tablepress-table-name tablepress-table-name-id-5\">HORARIO PARA TODO EL A\u00d1O<\/h2>\n\n<table id=\"tablepress-5\" class=\"tablepress tablepress-id-5\" aria-labelledby=\"tablepress-5-name\">\n<thead>\n<tr class=\"row-1 odd\">\n\t<th colspan=\"4\" class=\"column-1\">&nbsp;<\/th>\n<\/tr>\n<\/thead>\n<tbody class=\"row-hover\">\n<tr class=\"row-2 even\">\n\t<td class=\"column-1\">\u00a0 D\u00cdAS LABORALES<\/td><td class=\"column-2\"><\/td><td class=\"column-3\">\u00a0 DOMINGOS Y FESTIVOS<\/td><td class=\"column-4\"><\/td>\n<\/tr>\n<tr class=\"row-3 odd\">\n\t<td class=\"column-1\">04:15<\/td><td class=\"column-2\">\u00a0\u00a0Vigilias<\/td><td class=\"column-3\">04:15<\/td><td class=\"column-4\">\u00a0\u00a0Vigilias<\/td>\n<\/tr>\n<tr class=\"row-4 even\">\n\t<td class=\"column-1\">06:30<\/td><td class=\"column-2\">\u00a0\u00a0Laudes - Eucarist\u00eda<\/td><td class=\"column-3\">07:00<\/td><td class=\"column-4\">\u00a0\u00a0Laudes<\/td>\n<\/tr>\n<tr class=\"row-5 odd\">\n\t<td class=\"column-1\">08:30<\/td><td class=\"column-2\">\u00a0\u00a0Tercia<\/td><td class=\"column-3\">08:30<\/td><td class=\"column-4\">\u00a0\u00a0Tercia<\/td>\n<\/tr>\n<tr class=\"row-6 even\">\n\t<td class=\"column-1\">12:45<\/td><td class=\"column-2\">\u00a0\u00a0Sexta<\/td><td class=\"column-3\">11:00<\/td><td class=\"column-4\">\u00a0\u00a0Eucarist\u00eda<\/td>\n<\/tr>\n<tr class=\"row-7 odd\">\n\t<td class=\"column-1\">15:00<\/td><td class=\"column-2\">\u00a0\u00a0Nona<\/td><td class=\"column-3\">12:45<\/td><td class=\"column-4\">\u00a0\u00a0Sexta<\/td>\n<\/tr>\n<tr class=\"row-8 even\">\n\t<td class=\"column-1\">18:45<\/td><td class=\"column-2\">\u00a0\u00a0V\u00edsperas<\/td><td class=\"column-3\">15:00<\/td><td class=\"column-4\">\u00a0\u00a0Nona<\/td>\n<\/tr>\n<tr class=\"row-9 odd\">\n\t<td class=\"column-1\">20:30<\/td><td class=\"column-2\">\u00a0\u00a0Completas - Salve<\/td><td class=\"column-3\">18:30<\/td><td class=\"column-4\">\u00a0\u00a0V\u00edsperas<\/td>\n<\/tr>\n<tr class=\"row-10 even\">\n\t<td class=\"column-1\"><\/td><td class=\"column-2\"><\/td><td class=\"column-3\">20:30<\/td><td class=\"column-4\">\u00a0\u00a0Completas - Salve<\/td>\n<\/tr>\n<\/tbody>\n<\/table>\n<!-- #tablepress-5 from cache --><\/p>\n<p><a name=\"especial\"><\/a><br \/>\n<h2 id=\"tablepress-2-name\" class=\"tablepress-table-name tablepress-table-name-id-2\">CELEBRACIONES LIT\u00daRGICAS ESPECIALES<\/h2>\n\n<table id=\"tablepress-2\" class=\"tablepress tablepress-id-2\" aria-labelledby=\"tablepress-2-name\">\n<thead>\n<tr class=\"row-1 odd\">\n\t<th class=\"column-1\">\u00a0 D\u00eda<\/th><th class=\"column-2\">\u00a0\u00a0 Celebraci\u00f3n y Horario<\/th>\n<\/tr>\n<\/thead>\n<tbody class=\"row-hover\">\n<tr class=\"row-2 even\">\n\t<td class=\"column-1\">1 de Enero<\/td><td class=\"column-2\">Solemnidad de Santa Mar\u00eda Madre de Dios<\/td>\n<\/tr>\n<tr class=\"row-3 odd\">\n\t<td class=\"column-1\"><\/td><td class=\"column-2\">07:00       Laudes\u00a0<\/td>\n<\/tr>\n<tr class=\"row-4 even\">\n\t<td class=\"column-1\"><\/td><td class=\"column-2\">11:00 Eucarist\u00eda\u00a0<\/td>\n<\/tr>\n<tr class=\"row-5 odd\">\n\t<td class=\"column-1\"><\/td><td class=\"column-2\">18:30 V\u00edsperas<\/td>\n<\/tr>\n<tr class=\"row-6 even\">\n\t<td class=\"column-1\">06 de Enero<\/td><td class=\"column-2\">Solemnidad de la Epifan\u00eda del Se\u00f1or<\/td>\n<\/tr>\n<tr class=\"row-7 odd\">\n\t<td class=\"column-1\"><\/td><td class=\"column-2\"><\/td>\n<\/tr>\n<tr class=\"row-8 even\">\n\t<td class=\"column-1\"><\/td><td class=\"column-2\">07:00 Laudes\u00a0<\/td>\n<\/tr>\n<tr class=\"row-9 odd\">\n\t<td class=\"column-1\"><\/td><td class=\"column-2\">11:00 Eucarist\u00eda<\/td>\n<\/tr>\n<tr class=\"row-10 even\">\n\t<td class=\"column-1\"><\/td><td class=\"column-2\">18:30 V\u00edsperas<\/td>\n<\/tr>\n<tr class=\"row-11 odd\">\n\t<td class=\"column-1\"><\/td><td class=\"column-2\"><\/td>\n<\/tr>\n<tr class=\"row-12 even\">\n\t<td class=\"column-1\">26 de Enero<\/td><td class=\"column-2\">Solemnidad de Nuestros Padres Fundadores Santos Roberto, Alberico y Esteban<\/td>\n<\/tr>\n<tr class=\"row-13 odd\">\n\t<td class=\"column-1\"><\/td><td class=\"column-2\"><\/td>\n<\/tr>\n<tr class=\"row-14 even\">\n\t<td class=\"column-1\"><\/td><td class=\"column-2\">07:00 Laudes\u00a0<\/td>\n<\/tr>\n<tr class=\"row-15 odd\">\n\t<td class=\"column-1\"><\/td><td class=\"column-2\">11:00 Eucarist\u00eda<\/td>\n<\/tr>\n<tr class=\"row-16 even\">\n\t<td class=\"column-1\"><\/td><td class=\"column-2\">18:30 V\u00edsperas<\/td>\n<\/tr>\n<tr class=\"row-17 odd\">\n\t<td class=\"column-1\"><\/td><td class=\"column-2\"><\/td>\n<\/tr>\n<tr class=\"row-18 even\">\n\t<td class=\"column-1\">19 de Marzo<\/td><td class=\"column-2\">San Jos\u00e9<\/td>\n<\/tr>\n<tr class=\"row-19 odd\">\n\t<td class=\"column-1\"><\/td><td class=\"column-2\"><\/td>\n<\/tr>\n<tr class=\"row-20 even\">\n\t<td class=\"column-1\"><\/td><td class=\"column-2\">07:00 Laudes\u00a0<\/td>\n<\/tr>\n<tr class=\"row-21 odd\">\n\t<td class=\"column-1\"><\/td><td class=\"column-2\">11:00 Eucarist\u00eda<\/td>\n<\/tr>\n<tr class=\"row-22 even\">\n\t<td class=\"column-1\"><\/td><td class=\"column-2\">18:30 V\u00edsperas<\/td>\n<\/tr>\n<tr class=\"row-23 odd\">\n\t<td class=\"column-1\"><\/td><td class=\"column-2\"><\/td>\n<\/tr>\n<tr class=\"row-24 even\">\n\t<td class=\"column-1\">27 de Abril<\/td><td class=\"column-2\">San Rafael Arn\u00e1iz Bar\u00f3n<\/td>\n<\/tr>\n<tr class=\"row-25 odd\">\n\t<td class=\"column-1\"><\/td><td class=\"column-2\"><\/td>\n<\/tr>\n<tr class=\"row-26 even\">\n\t<td class=\"column-1\"><\/td><td class=\"column-2\">07:00 Laudes\u00a0<\/td>\n<\/tr>\n<tr class=\"row-27 odd\">\n\t<td class=\"column-1\"><\/td><td class=\"column-2\">17:00 Eucarist\u00eda y veneraci\u00f3n reliquias del Santo.<\/td>\n<\/tr>\n<tr class=\"row-28 even\">\n\t<td class=\"column-1\"><\/td><td class=\"column-2\">19:00 V\u00edsperas<\/td>\n<\/tr>\n<tr class=\"row-29 odd\">\n\t<td class=\"column-1\"><\/td><td class=\"column-2\"><\/td>\n<\/tr>\n<tr class=\"row-30 even\">\n\t<td class=\"column-1\">1 de Mayo<\/td><td class=\"column-2\">Memoria de San Jos\u00e9, Obrero\u00a0<\/td>\n<\/tr>\n<tr class=\"row-31 odd\">\n\t<td class=\"column-1\"><\/td><td class=\"column-2\"><\/td>\n<\/tr>\n<tr class=\"row-32 even\">\n\t<td class=\"column-1\"><\/td><td class=\"column-2\">7:00 Laudes<\/td>\n<\/tr>\n<tr class=\"row-33 odd\">\n\t<td class=\"column-1\"><\/td><td class=\"column-2\">11:00 Eucarist\u00eda\u00a0<\/td>\n<\/tr>\n<tr class=\"row-34 even\">\n\t<td class=\"column-1\"><\/td><td class=\"column-2\">18:30 V\u00edsperas<\/td>\n<\/tr>\n<tr class=\"row-35 odd\">\n\t<td class=\"column-1\"><\/td><td class=\"column-2\"><\/td>\n<\/tr>\n<tr class=\"row-36 even\">\n\t<td class=\"column-1\">14 de Mayo<\/td><td class=\"column-2\">San Isidoro, m\u00e1rtir. Titular de nuestra iglesia.<\/td>\n<\/tr>\n<tr class=\"row-37 odd\">\n\t<td class=\"column-1\"><\/td><td class=\"column-2\"><\/td>\n<\/tr>\n<tr class=\"row-38 even\">\n\t<td class=\"column-1\"><\/td><td class=\"column-2\">07:00 Laudes\u00a0<\/td>\n<\/tr>\n<tr class=\"row-39 odd\">\n\t<td class=\"column-1\"><\/td><td class=\"column-2\">11:00 Eucarist\u00eda<\/td>\n<\/tr>\n<tr class=\"row-40 even\">\n\t<td class=\"column-1\"><\/td><td class=\"column-2\">18:30 V\u00edsperas<\/td>\n<\/tr>\n<tr class=\"row-41 odd\">\n\t<td class=\"column-1\"><\/td><td class=\"column-2\"><\/td>\n<\/tr>\n<tr class=\"row-42 even\">\n\t<td class=\"column-1\">15 de Mayo<\/td><td class=\"column-2\">Fiesta de San Isidro Labrador.<\/td>\n<\/tr>\n<tr class=\"row-43 odd\">\n\t<td class=\"column-1\"><\/td><td class=\"column-2\">Romer\u00eda del pueblo de Due\u00f1as a nuestra Iglesia.\u00a0<\/td>\n<\/tr>\n<tr class=\"row-44 even\">\n\t<td class=\"column-1\"><\/td><td class=\"column-2\"><\/td>\n<\/tr>\n<tr class=\"row-45 odd\">\n\t<td class=\"column-1\"><\/td><td class=\"column-2\">7:00 Laudes\u00a0<\/td>\n<\/tr>\n<tr class=\"row-46 even\">\n\t<td class=\"column-1\"><\/td><td class=\"column-2\">11:30 Eucarist\u00eda<\/td>\n<\/tr>\n<tr class=\"row-47 odd\">\n\t<td class=\"column-1\"><\/td><td class=\"column-2\">13:00 Sexta<\/td>\n<\/tr>\n<tr class=\"row-48 even\">\n\t<td class=\"column-1\"><\/td><td class=\"column-2\">15:10 Nona<\/td>\n<\/tr>\n<tr class=\"row-49 odd\">\n\t<td class=\"column-1\"><\/td><td class=\"column-2\">18:30 V\u00edsperas<\/td>\n<\/tr>\n<tr class=\"row-50 even\">\n\t<td class=\"column-1\"><\/td><td class=\"column-2\"><\/td>\n<\/tr>\n<tr class=\"row-51 odd\">\n\t<td class=\"column-1\">11 de Julio<\/td><td class=\"column-2\">San Benito<\/td>\n<\/tr>\n<tr class=\"row-52 even\">\n\t<td class=\"column-1\"><\/td><td class=\"column-2\"><\/td>\n<\/tr>\n<tr class=\"row-53 odd\">\n\t<td class=\"column-1\"><\/td><td class=\"column-2\">07:00 Laudes\u00a0<\/td>\n<\/tr>\n<tr class=\"row-54 even\">\n\t<td class=\"column-1\"><\/td><td class=\"column-2\">11:00 Eucarist\u00eda<\/td>\n<\/tr>\n<tr class=\"row-55 odd\">\n\t<td class=\"column-1\"><\/td><td class=\"column-2\">18:30 V\u00edsperas<\/td>\n<\/tr>\n<tr class=\"row-56 even\">\n\t<td class=\"column-1\"><\/td><td class=\"column-2\"><\/td>\n<\/tr>\n<tr class=\"row-57 odd\">\n\t<td class=\"column-1\">22 de Julio<\/td><td class=\"column-2\">Dedicaci\u00f3n de nuestra Iglesia<\/td>\n<\/tr>\n<tr class=\"row-58 even\">\n\t<td class=\"column-1\"><\/td><td class=\"column-2\"><\/td>\n<\/tr>\n<tr class=\"row-59 odd\">\n\t<td class=\"column-1\"><\/td><td class=\"column-2\">07:00 Laudes\u00a0<\/td>\n<\/tr>\n<tr class=\"row-60 even\">\n\t<td class=\"column-1\"><\/td><td class=\"column-2\">11:00 Eucarist\u00eda<\/td>\n<\/tr>\n<tr class=\"row-61 odd\">\n\t<td class=\"column-1\"><\/td><td class=\"column-2\">18:30 V\u00edsperas<\/td>\n<\/tr>\n<tr class=\"row-62 even\">\n\t<td class=\"column-1\"><\/td><td class=\"column-2\"><\/td>\n<\/tr>\n<tr class=\"row-63 odd\">\n\t<td class=\"column-1\">25 de Julio<\/td><td class=\"column-2\">Santiago Ap\u00f3stol<\/td>\n<\/tr>\n<tr class=\"row-64 even\">\n\t<td class=\"column-1\"><\/td><td class=\"column-2\"><\/td>\n<\/tr>\n<tr class=\"row-65 odd\">\n\t<td class=\"column-1\"><\/td><td class=\"column-2\">07:00 Laudes\u00a0<\/td>\n<\/tr>\n<tr class=\"row-66 even\">\n\t<td class=\"column-1\"><\/td><td class=\"column-2\">11:00 Eucarist\u00eda<\/td>\n<\/tr>\n<tr class=\"row-67 odd\">\n\t<td class=\"column-1\"><\/td><td class=\"column-2\">18:30 V\u00edsperas<\/td>\n<\/tr>\n<tr class=\"row-68 even\">\n\t<td class=\"column-1\"><\/td><td class=\"column-2\"><\/td>\n<\/tr>\n<tr class=\"row-69 odd\">\n\t<td class=\"column-1\">20 de Agosto<\/td><td class=\"column-2\">San Bernardo<\/td>\n<\/tr>\n<tr class=\"row-70 even\">\n\t<td class=\"column-1\"><\/td><td class=\"column-2\"><\/td>\n<\/tr>\n<tr class=\"row-71 odd\">\n\t<td class=\"column-1\"><\/td><td class=\"column-2\">07:00 Laudes\u00a0<\/td>\n<\/tr>\n<tr class=\"row-72 even\">\n\t<td class=\"column-1\"><\/td><td class=\"column-2\">11:00 Eucarist\u00eda<\/td>\n<\/tr>\n<tr class=\"row-73 odd\">\n\t<td class=\"column-1\"><\/td><td class=\"column-2\">18:30 V\u00edsperas<\/td>\n<\/tr>\n<tr class=\"row-74 even\">\n\t<td class=\"column-1\"><\/td><td class=\"column-2\"><\/td>\n<\/tr>\n<tr class=\"row-75 odd\">\n\t<td class=\"column-1\">12 de Octubre<\/td><td class=\"column-2\">Nuestra Se\u00f1ora del Pilar<\/td>\n<\/tr>\n<tr class=\"row-76 even\">\n\t<td class=\"column-1\"><\/td><td class=\"column-2\"><\/td>\n<\/tr>\n<tr class=\"row-77 odd\">\n\t<td class=\"column-1\"><\/td><td class=\"column-2\">07:00 Laudes\u00a0<\/td>\n<\/tr>\n<tr class=\"row-78 even\">\n\t<td class=\"column-1\"><\/td><td class=\"column-2\">11:00 Eucarist\u00eda<\/td>\n<\/tr>\n<tr class=\"row-79 odd\">\n\t<td class=\"column-1\"><\/td><td class=\"column-2\">18:30 V\u00edsperas<\/td>\n<\/tr>\n<tr class=\"row-80 even\">\n\t<td class=\"column-1\"><\/td><td class=\"column-2\"><\/td>\n<\/tr>\n<tr class=\"row-81 odd\">\n\t<td class=\"column-1\">01 de Noviembre<\/td><td class=\"column-2\">Todos los Santos<\/td>\n<\/tr>\n<tr class=\"row-82 even\">\n\t<td class=\"column-1\"><\/td><td class=\"column-2\"><\/td>\n<\/tr>\n<tr class=\"row-83 odd\">\n\t<td class=\"column-1\"><\/td><td class=\"column-2\">07:00 Laudes<\/td>\n<\/tr>\n<tr class=\"row-84 even\">\n\t<td class=\"column-1\"><\/td><td class=\"column-2\">11:00 Eucarist\u00eda<\/td>\n<\/tr>\n<tr class=\"row-85 odd\">\n\t<td class=\"column-1\"><\/td><td class=\"column-2\">18:30 V\u00edsperas<\/td>\n<\/tr>\n<tr class=\"row-86 even\">\n\t<td class=\"column-1\"><\/td><td class=\"column-2\"><\/td>\n<\/tr>\n<tr class=\"row-87 odd\">\n\t<td class=\"column-1\">02 de Noviembre (excepto domingo)<\/td><td class=\"column-2\">Fieles Difuntos<\/td>\n<\/tr>\n<tr class=\"row-88 even\">\n\t<td class=\"column-1\"><\/td><td class=\"column-2\"><\/td>\n<\/tr>\n<tr class=\"row-89 odd\">\n\t<td class=\"column-1\"><\/td><td class=\"column-2\">06:30 Laudes\u00a0<\/td>\n<\/tr>\n<tr class=\"row-90 even\">\n\t<td class=\"column-1\"><\/td><td class=\"column-2\">Despu\u00e9s de Laudes Misa rezada \u00a0<\/td>\n<\/tr>\n<tr class=\"row-91 odd\">\n\t<td class=\"column-1\"><\/td><td class=\"column-2\">11:00 Eucarist\u00eda<\/td>\n<\/tr>\n<tr class=\"row-92 even\">\n\t<td class=\"column-1\"><\/td><td class=\"column-2\">17:50 Misa rezada\u00a0<\/td>\n<\/tr>\n<tr class=\"row-93 odd\">\n\t<td class=\"column-1\"><\/td><td class=\"column-2\">18:30 V\u00edsperas<\/td>\n<\/tr>\n<tr class=\"row-94 even\">\n\t<td class=\"column-1\"><\/td><td class=\"column-2\"><\/td>\n<\/tr>\n<tr class=\"row-95 odd\">\n\t<td class=\"column-1\"><\/td><td class=\"column-2\"><\/td>\n<\/tr>\n<tr class=\"row-96 even\">\n\t<td class=\"column-1\">02 de Noviembre ( domingo)<\/td><td class=\"column-2\">Fieles Difuntos<\/td>\n<\/tr>\n<tr class=\"row-97 odd\">\n\t<td class=\"column-1\"><\/td><td class=\"column-2\"><\/td>\n<\/tr>\n<tr class=\"row-98 even\">\n\t<td class=\"column-1\"><\/td><td class=\"column-2\">07:00 Laudes\u00a0<\/td>\n<\/tr>\n<tr class=\"row-99 odd\">\n\t<td class=\"column-1\"><\/td><td class=\"column-2\">Despu\u00e9s de Laudes Misa rezada \u00a0<\/td>\n<\/tr>\n<tr class=\"row-100 even\">\n\t<td class=\"column-1\"><\/td><td class=\"column-2\">11:00 Eucarist\u00eda<\/td>\n<\/tr>\n<tr class=\"row-101 odd\">\n\t<td class=\"column-1\"><\/td><td class=\"column-2\">17:30 Misa rezada\u00a0<\/td>\n<\/tr>\n<tr class=\"row-102 even\">\n\t<td class=\"column-1\"><\/td><td class=\"column-2\">18:30 V\u00edsperas<\/td>\n<\/tr>\n<tr class=\"row-103 odd\">\n\t<td class=\"column-1\"><\/td><td class=\"column-2\"><\/td>\n<\/tr>\n<tr class=\"row-104 even\">\n\t<td class=\"column-1\">8 de Diciembre<\/td><td class=\"column-2\">La Inmaculada Concepci\u00f3n<\/td>\n<\/tr>\n<tr class=\"row-105 odd\">\n\t<td class=\"column-1\"><\/td><td class=\"column-2\">07:00 Laudes\u00a0<\/td>\n<\/tr>\n<tr class=\"row-106 even\">\n\t<td class=\"column-1\"><\/td><td class=\"column-2\">11:00 Eucarist\u00eda<\/td>\n<\/tr>\n<tr class=\"row-107 odd\">\n\t<td class=\"column-1\"><\/td><td class=\"column-2\">18:30 V\u00edsperas<\/td>\n<\/tr>\n<tr class=\"row-108 even\">\n\t<td class=\"column-1\"><\/td><td class=\"column-2\"><\/td>\n<\/tr>\n<tr class=\"row-109 odd\">\n\t<td class=\"column-1\">24 de Diciembre<\/td><td class=\"column-2\">24 de Diciembre<\/td>\n<\/tr>\n<tr class=\"row-110 even\">\n\t<td class=\"column-1\"><\/td><td class=\"column-2\"><\/td>\n<\/tr>\n<tr class=\"row-111 odd\">\n\t<td class=\"column-1\"><\/td><td class=\"column-2\">18:30 V\u00edsperas<\/td>\n<\/tr>\n<tr class=\"row-112 even\">\n\t<td class=\"column-1\"><\/td><td class=\"column-2\">22:15 Vigilias\u00a0<\/td>\n<\/tr>\n<tr class=\"row-113 odd\">\n\t<td class=\"column-1\"><\/td><td class=\"column-2\">24:00 Eucarist\u00eda de medianoche<\/td>\n<\/tr>\n<tr class=\"row-114 even\">\n\t<td class=\"column-1\"><\/td><td class=\"column-2\"><\/td>\n<\/tr>\n<tr class=\"row-115 odd\">\n\t<td class=\"column-1\">25 de Diciembre<\/td><td class=\"column-2\">D\u00eda de Navidad<\/td>\n<\/tr>\n<tr class=\"row-116 even\">\n\t<td class=\"column-1\"><\/td><td class=\"column-2\"><\/td>\n<\/tr>\n<tr class=\"row-117 odd\">\n\t<td class=\"column-1\"><\/td><td class=\"column-2\">08:15 Laudes integradas con la Misa de la Aurora<\/td>\n<\/tr>\n<tr class=\"row-118 even\">\n\t<td class=\"column-1\"><\/td><td class=\"column-2\">12:00 Eucar\u00edstia<\/td>\n<\/tr>\n<tr class=\"row-119 odd\">\n\t<td class=\"column-1\"><\/td><td class=\"column-2\">18:30 V\u00edsperas<\/td>\n<\/tr>\n<tr class=\"row-120 even\">\n\t<td class=\"column-1\"><\/td><td class=\"column-2\"><\/td>\n<\/tr>\n<\/tbody>\n<\/table>\n<!-- #tablepress-2 from cache --><\/p>\n<p><a name=\"ssanta\"><\/a><br \/>\n<h2 id=\"tablepress-3-name\" class=\"tablepress-table-name tablepress-table-name-id-3\">CELEBRACIONES LIT\u00daRGICAS EN SEMANA SANTA<\/h2>\n\n<table id=\"tablepress-3\" class=\"tablepress tablepress-id-3\" aria-labelledby=\"tablepress-3-name\">\n<thead>\n<tr class=\"row-1 odd\">\n\t<th class=\"column-1\">\u00a0 D\u00eda<\/th><th class=\"column-2\">\u00a0\u00a0 Celebraci\u00f3n y Horario<\/th>\n<\/tr>\n<\/thead>\n<tbody class=\"row-hover\">\n<tr class=\"row-2 even\">\n\t<td class=\"column-1\">Domingo de Ramos<\/td><td class=\"column-2\">Procesi\u00f3n de Ramos y Misa a las 11:00<\/td>\n<\/tr>\n<tr class=\"row-3 odd\">\n\t<td class=\"column-1\"><\/td><td class=\"column-2\"><\/td>\n<\/tr>\n<tr class=\"row-4 even\">\n\t<td class=\"column-1\">Jueves Santo<\/td><td class=\"column-2\">Cena del Se\u00f1or a las 17:00<\/td>\n<\/tr>\n<tr class=\"row-5 odd\">\n\t<td class=\"column-1\"><\/td><td class=\"column-2\">Completas y Salve a las 20:30<\/td>\n<\/tr>\n<tr class=\"row-6 even\">\n\t<td class=\"column-1\"><\/td><td class=\"column-2\"><\/td>\n<\/tr>\n<tr class=\"row-7 odd\">\n\t<td class=\"column-1\">Viernes Santo<\/td><td class=\"column-2\">Celebraci\u00f3n de la Pasi\u00f3n del Se\u00f1or a las 16:30<\/td>\n<\/tr>\n<tr class=\"row-8 even\">\n\t<td class=\"column-1\"><\/td><td class=\"column-2\">Completas y Salve a las 20:30<\/td>\n<\/tr>\n<tr class=\"row-9 odd\">\n\t<td class=\"column-1\"><\/td><td class=\"column-2\"><\/td>\n<\/tr>\n<tr class=\"row-10 even\">\n\t<td class=\"column-1\">S\u00e1bado Santo<\/td><td class=\"column-2\">V\u00edsperas a las 18:30<\/td>\n<\/tr>\n<tr class=\"row-11 odd\">\n\t<td class=\"column-1\"><\/td><td class=\"column-2\">No hay Completas-Salve<\/td>\n<\/tr>\n<tr class=\"row-12 even\">\n\t<td class=\"column-1\"><\/td><td class=\"column-2\">Vigilia Pascual a las 22:00<\/td>\n<\/tr>\n<tr class=\"row-13 odd\">\n\t<td class=\"column-1\"><\/td><td class=\"column-2\"><\/td>\n<\/tr>\n<tr class=\"row-14 even\">\n\t<td class=\"column-1\">Domingo de Pascua<\/td><td class=\"column-2\">Misa a las 12:00\u00a0<\/td>\n<\/tr>\n<tr class=\"row-15 odd\">\n\t<td class=\"column-1\"><\/td><td class=\"column-2\">V\u00edsperas a las 18:30<\/td>\n<\/tr>\n<tr class=\"row-16 even\">\n\t<td class=\"column-1\"><\/td><td class=\"column-2\">Completas-Salve 20:30<\/td>\n<\/tr>\n<tr class=\"row-17 odd\">\n\t<td class=\"column-1\"><\/td><td class=\"column-2\"><\/td>\n<\/tr>\n<\/tbody>\n<\/table>\n<!-- #tablepress-3 from cache --><\/p>\n<\/div><\/section><\/div><div class=\"flex_column av_one_fifth  flex_column_div av-zero-column-padding   avia-builder-el-7  el_after_av_three_fifth  avia-builder-el-last  \" style='border-radius:0px; '><\/div><\/div><\/div><\/div><!-- close content main div --><\/div><\/div><div id='after_section_2'  class='main_color av_default_container_wrap container_wrap sidebar_right' style=' '  ><div class='container' ><div class='template-page content  av-content-small alpha units'><div class='post-entry post-entry-type-page post-entry-1244'><div class='entry-content-wrapper clearfix'>\n","protected":false},"excerpt":{"rendered":"","protected":false},"author":2,"featured_media":0,"parent":0,"menu_order":0,"comment_status":"closed","ping_status":"closed","template":"","meta":[],"_links":{"self":[{"href":"https:\/\/www.abadiasanisidro.es\/en\/wp-json\/wp\/v2\/pages\/1244"}],"collection":[{"href":"https:\/\/www.abadiasanisidro.es\/en\/wp-json\/wp\/v2\/pages"}],"about":[{"href":"https:\/\/www.abadiasanisidro.es\/en\/wp-json\/wp\/v2\/types\/page"}],"author":[{"embeddable":true,"href":"https:\/\/www.abadiasanisidro.es\/en\/wp-json\/wp\/v2\/users\/2"}],"replies":[{"embeddable":true,"href":"https:\/\/www.abadiasanisidro.es\/en\/wp-json\/wp\/v2\/comments?post=1244"}],"version-history":[{"count":0,"href":"https:\/\/www.abadiasanisidro.es\/en\/wp-json\/wp\/v2\/pages\/1244\/revisions"}],"wp:attachment":[{"href":"https:\/\/www.abadiasanisidro.es\/en\/wp-json\/wp\/v2\/media?parent=1244"}],"curies":[{"name":"wp","href":"https:\/\/api.w.org\/{rel}","templated":true}]}}